{"id":1078,"date":"2024-10-10T18:37:39","date_gmt":"2024-10-10T16:37:39","guid":{"rendered":"https:\/\/weare-madein.com\/privacy-policy\/"},"modified":"2025-04-15T18:55:42","modified_gmt":"2025-04-15T16:55:42","slug":"informativa-privacy","status":"publish","type":"page","link":"https:\/\/weare-madein.com\/it\/informativa-privacy\/","title":{"rendered":"Informativa Privacy"},"content":{"rendered":"\t\t<div data-elementor-type=\"wp-page\" data-elementor-id=\"1078\" class=\"elementor elementor-1078 elementor-3\" data-elementor-post-type=\"page\">\n\t\t\t\t<div class=\"elementor-element elementor-element-6841f25 e-con-full e-flex e-con e-parent\" data-id=\"6841f25\" data-element_type=\"container\" data-e-type=\"container\" data-settings=\"{&quot;background_background&quot;:&quot;classic&quot;,&quot;background_motion_fx_motion_fx_scrolling&quot;:&quot;yes&quot;,&quot;background_motion_fx_translateY_effect&quot;:&quot;yes&quot;,&quot;background_motion_fx_translateY_speed&quot;:{&quot;unit&quot;:&quot;px&quot;,&quot;size&quot;:4,&quot;sizes&quot;:[]},&quot;background_motion_fx_translateY_affectedRange&quot;:{&quot;unit&quot;:&quot;%&quot;,&quot;size&quot;:&quot;&quot;,&quot;sizes&quot;:{&quot;start&quot;:0,&quot;end&quot;:100}},&quot;background_motion_fx_devices&quot;:[&quot;desktop&quot;,&quot;tablet_extra&quot;,&quot;tablet&quot;,&quot;mobile&quot;]}\">\n\t\t\t\t<div class=\"elementor-element elementor-element-15f6d60 elementor-widget__width-inherit elementor-widget elementor-widget-heading\" data-id=\"15f6d60\" data-element_type=\"widget\" data-e-type=\"widget\" data-widget_type=\"heading.default\">\n\t\t\t\t<div class=\"elementor-widget-container\">\n\t\t\t\t\t<h2 class=\"elementor-heading-title elementor-size-default\">Privacy Policy<\/h2>\t\t\t\t<\/div>\n\t\t\t\t<\/div>\n\t\t\t\t<\/div>\n\t\t<div class=\"elementor-element elementor-element-2e534e7 e-flex e-con-boxed e-con e-parent\" data-id=\"2e534e7\" data-element_type=\"container\" data-e-type=\"container\" id=\"cmplz-document\">\n\t\t\t\t\t<div class=\"e-con-inner\">\n\t\t\t\t<div class=\"elementor-element elementor-element-cf3b895 elementor-widget elementor-widget-text-editor\" data-id=\"cf3b895\" data-element_type=\"widget\" data-e-type=\"widget\" data-widget_type=\"text-editor.default\">\n\t\t\t\t<div class=\"elementor-widget-container\">\n\t\t\t\t\t\t\t\t\t<p style=\"text-align: center;\"><strong>Decreto Legislativo n. 196\/2003 e Articoli 13 e 14 del Regolamento UE n. 679\/2016<br \/>\u201cRegolamento Generale sulla Protezione dei Dati\u201d \u2013 GDPR<br \/><\/strong><\/p><p>Questa pagina contiene tutte le informazioni relative al trattamento dei dati personali di coloro che visitano questo sito web, in conformit\u00e0 all\u2019art. 13 del Regolamento Generale sulla Protezione dei Dati \u2013 di seguito GDPR.<\/p><h2>1 \u2013 Titolare del trattamento<\/h2><p>Il Titolare del trattamento \u00e8 <strong>Naval Interior S.r.l.<\/strong> con sede legale in <strong>C.da Fargione \u2013 (Zona Industriale Modica\/Pozzallo) \u2013 97015 Modica (RG)<\/strong> \u2013 Partita IVA<strong>\u00a001101400883<\/strong> \u2013 Telefono: <strong>+39\u00a0(0932) 777903<\/strong>\u00a0\u2013 Email:\u00a0<a href=\"email: info@navalinterior.it\">info@navalinterior.it<\/a><\/p><h2>2 \u2013 Dati personali trattati dal Titolare<\/h2><p>Il Titolare raccoglie e tratta, tramite il proprio sito web, tutti i dati di navigazione e altri dati forniti volontariamente dall\u2019utente al fine di offrire un servizio migliore e un\u2019esperienza di navigazione soddisfacente.<\/p><h3>Dati di navigazione<\/h3><p>I software utilizzati e i relativi sistemi informatici raccolgono tutti i dati personali richiesti per l\u2019utilizzo dei protocolli di comunicazione su Internet e per il normale e corretto funzionamento del sito. Tali dati non sono raccolti per identificare specifici utenti, ma \u2013 per loro stessa natura \u2013 potrebbero permettere di identificarli attraverso elaborazioni e incroci con altri dati detenuti da terzi. Esempi di questi dati sono: indirizzi IP, orari delle richieste, codici numerici di risposta del server, sistema operativo dell\u2019utente, browser utilizzato, e altri parametri relativi all\u2019ambiente informatico dell\u2019utente.<\/p><h3>Dati forniti volontariamente dall\u2019utente<\/h3><p>Si tratta dei dati forniti volontariamente dall\u2019utente, ad esempio compilando un modulo di contatto sul sito, inviando un\u2019email o telefonando per richiedere informazioni.<\/p><h2>3 \u2013 Finalit\u00e0 e base giuridica del trattamento<\/h2><p class=\"\" data-start=\"1920\" data-end=\"2254\">Il Titolare adotta tutte le misure necessarie per evitare accessi non autorizzati, diffusione, modifica o distruzione dei dati personali. Tutti i dati raccolti saranno trattati con modalit\u00e0 e strumenti adeguati al fine di fornire i servizi richiesti o per finalit\u00e0 ulteriori per le quali sia stata fornita un\u2019autorizzazione esplicita.<\/p><p class=\"\" data-start=\"2256\" data-end=\"2772\">I dati di navigazione saranno utilizzati esclusivamente per ottenere informazioni statistiche anonime sull\u2019uso del sito, per risolvere eventuali errori di navigazione, per garantire la sicurezza informatica e per verificare il corretto funzionamento del sito. I dati potranno anche essere utilizzati per accertare responsabilit\u00e0 in caso di reati informatici ai danni del sito. La base giuridica del trattamento \u00e8 il legittimo interesse del Titolare e, in caso di richieste da parte delle Autorit\u00e0, obblighi di legge.<\/p><p class=\"\" data-start=\"2774\" data-end=\"3243\">I dati personali forniti volontariamente dall\u2019utente saranno utilizzati unicamente per evadere le richieste e adempiere a obblighi precontrattuali e\/o contrattuali. La base giuridica del trattamento \u00e8 l\u2019esecuzione degli obblighi del Titolare connessi alle richieste ricevute. I dati raccolti in sezioni specifiche del sito per servizi diversi da quelli qui indicati saranno oggetto di autorizzazione esplicita da parte dell\u2019utente, in base alla normativa sulla privacy.<\/p><h2>4 \u2013 Modalit\u00e0 di trattamento dei dati<\/h2><p class=\"\" data-start=\"3292\" data-end=\"3655\">I dati vengono raccolti per finalit\u00e0 specifiche, esplicite e legittime, principalmente tramite sistemi informatici e, in alcuni casi, anche su supporto cartaceo. Per trattare i dati raccolti attraverso il sito, il Titolare utilizza server situati nell\u2019Unione Europea e sistemi informatici presenti presso la propria sede. I dati non saranno trasferiti all\u2019estero.<\/p><p class=\"\" data-start=\"3657\" data-end=\"3854\">Sono adottate specifiche misure tecniche e organizzative per garantire un adeguato livello di sicurezza, prevenire un uso illecito dei dati e impedire accessi, perdite o diffusioni non autorizzate.<\/p><h2>5 \u2013 Durata del trattamento e conservazione dei dati<\/h2><p>Tutti i dati inviati dall\u2019utente saranno trattati per il tempo necessario a fornire i servizi richiesti e conservati per ulteriori 12 mesi al fine di adempiere agli obblighi amministrativi e legali.<\/p><h2>6 \u2013 Conferimento dei dati<\/h2><p>Il conferimento dei dati, fatta eccezione per quelli di navigazione necessari per i protocolli informatici e telematici, \u00e8 libero e facoltativo attraverso le modalit\u00e0 indicate sul sito (modulo di contatto, email, numeri di telefono, ecc.). Tuttavia, il mancato conferimento del consenso al trattamento dei dati potrebbe impedire l\u2019evasione delle richieste presenti o future.<\/p><h2>7 \u2013 Soggetti autorizzati all\u2019accesso ai dati<\/h2><p>I dati forniti non saranno utilizzati da soggetti non coinvolti nell\u2019evasione delle richieste dell\u2019utente. Tutti i dati raccolti potranno essere trattati dai dipendenti della societ\u00e0 coinvolti nell\u2019evasione delle richieste (es. personale amministrativo, assistenza clienti, amministratori di sistema). I dati potranno essere comunicati a terzi solo qualora l\u2019utente abbia fornito specifico consenso facoltativo.<\/p><h2>8 \u2013 Diritti dell\u2019utente<\/h2><p>Ai sensi dell\u2019articolo 12 del GDPR, l\u2019interessato ha diritto a chiedere al Titolare l\u2019accesso, la rettifica, la cancellazione, la limitazione o l\u2019opposizione al trattamento dei propri dati, nonch\u00e9 la portabilit\u00e0 degli stessi.<\/p><p>In particolare, l\u2019utente ha diritto di:<\/p><ul><li>sapere se il Titolare detiene e\/o tratta dati personali che lo riguardano e ad accedere a tali dati o ottenerne una copia (Art. 15 \u2013 Diritto di accesso);<\/li><li>rettificare dati personali inesatti o incompleti (Art. 16 \u2013 Diritto di rettifica);<\/li><li>ottenere la cancellazione dei dati personali per le motivazioni previste dal GDPR (Art. 17 \u2013 Diritto alla cancellazione);<\/li><li>richiedere che il Titolare limiti il trattamento per le motivazioni previste dal Regolamento (Art. 18 \u2013 Diritto alla limitazione del trattamento);<\/li><li>ricevere i propri dati in formato strutturato, di uso comune e leggibile da dispositivo automatico o richiederne il trasferimento a un altro Titolare (Art. 20 \u2013 Diritto alla portabilit\u00e0 dei dati);<\/li><li>opporsi in tutto o in parte al trattamento dei dati per finalit\u00e0 di marketing diretto o ricerche di mercato (cosiddetto consenso) (Art. 21 \u2013 Diritto di opposizione);<\/li><li>opporsi in tutto o in parte al trattamento automatizzato o semi-automatizzato per finalit\u00e0 di profilazione (cosiddetto consenso).<\/li><\/ul><p>Se l\u2019utente ritiene che il trattamento dei suoi dati personali violi il GDPR, ha il diritto di proporre reclamo all\u2019Autorit\u00e0 di controllo ai sensi dell\u2019art. 77 del Regolamento o di adire le vie legali (art. 79 del Regolamento).<\/p><p>L\u2019interessato pu\u00f2 esercitare i propri diritti in qualsiasi momento e senza formalit\u00e0 contattando il Titolare del trattamento secondo quanto indicato al punto 1.<\/p><h2>9 \u2013 Cookie<\/h2><p>Per quanto riguarda i cookie e strumenti simili utilizzati su questo sito web, si rimanda alla <a href=\"https:\/\/www.weare-madein.com\/cookie-policy\/\" target=\"_blank\" rel=\"noreferrer noopener\">cookie policy<\/a>.<\/p><h2>10 \u2013 Aggiornamenti<\/h2><p>Il Titolare del trattamento si riserva il diritto di modificare in qualsiasi momento la presente informativa privacy, informando gli utenti su questa pagina. Si prega di consultare regolarmente questa pagina e fare riferimento alla data dell\u2019ultimo aggiornamento riportata qui sotto.<\/p><p><em>Ultimo aggiornamento: 11 novembre 2024<\/em><\/p>\t\t\t\t\t\t\t\t<\/div>\n\t\t\t\t<\/div>\n\t\t\t\t\t<\/div>\n\t\t\t\t<\/div>\n\t\t\t\t<\/div>\n\t\t","protected":false},"excerpt":{"rendered":"<p>Privacy Policy Decreto Legislativo n. 196\/2003 e Articoli 13 e 14 del Regolamento UE n. 679\/2016\u201cRegolamento Generale sulla Protezione dei Dati\u201d \u2013 GDPR Questa pagina contiene tutte le informazioni relative al trattamento dei dati personali di coloro che visitano questo sito web, in conformit\u00e0 all\u2019art. 13 del Regolamento Generale sulla Protezione dei Dati \u2013 di [&hellip;]<\/p>\n","protected":false},"author":1,"featured_media":970,"parent":0,"menu_order":0,"comment_status":"closed","ping_status":"closed","template":"","meta":{"inline_featured_image":false,"footnotes":""},"class_list":["post-1078","page","type-page","status-publish","has-post-thumbnail","hentry"],"yoast_head":"<!-- This site is optimized with the Yoast SEO plugin v26.8 - https:\/\/yoast.com\/product\/yoast-seo-wordpress\/ -->\n<title>Informativa Privacy - MADEIN - Exciting Interiors<\/title>\n<meta name=\"robots\" content=\"index, follow, max-snippet:-1, max-image-preview:large, max-video-preview:-1\" \/>\n<link rel=\"canonical\" href=\"https:\/\/weare-madein.com\/it\/informativa-privacy\/\" \/>\n<meta property=\"og:locale\" content=\"it_IT\" \/>\n<meta property=\"og:type\" content=\"article\" \/>\n<meta property=\"og:title\" content=\"Informativa Privacy - MADEIN - Exciting Interiors\" \/>\n<meta property=\"og:description\" content=\"Privacy Policy Decreto Legislativo n. 196\/2003 e Articoli 13 e 14 del Regolamento UE n. 679\/2016\u201cRegolamento Generale sulla Protezione dei Dati\u201d \u2013 GDPR Questa pagina contiene tutte le informazioni relative al trattamento dei dati personali di coloro che visitano questo sito web, in conformit\u00e0 all\u2019art. 13 del Regolamento Generale sulla Protezione dei Dati \u2013 di [&hellip;]\" \/>\n<meta property=\"og:url\" content=\"https:\/\/weare-madein.com\/it\/informativa-privacy\/\" \/>\n<meta property=\"og:site_name\" content=\"MADEIN - Exciting Interiors\" \/>\n<meta property=\"article:modified_time\" content=\"2025-04-15T16:55:42+00:00\" \/>\n<meta property=\"og:image\" content=\"https:\/\/weare-madein.com\/wp-content\/uploads\/2024\/10\/slide-back-03.jpg\" \/>\n\t<meta property=\"og:image:width\" content=\"1920\" \/>\n\t<meta property=\"og:image:height\" content=\"1280\" \/>\n\t<meta property=\"og:image:type\" content=\"image\/jpeg\" \/>\n<meta name=\"twitter:card\" content=\"summary_large_image\" \/>\n<meta name=\"twitter:label1\" content=\"Tempo di lettura stimato\" \/>\n\t<meta name=\"twitter:data1\" content=\"6 minuti\" \/>\n<script type=\"application\/ld+json\" class=\"yoast-schema-graph\">{\"@context\":\"https:\/\/schema.org\",\"@graph\":[{\"@type\":\"WebPage\",\"@id\":\"https:\/\/weare-madein.com\/it\/informativa-privacy\/\",\"url\":\"https:\/\/weare-madein.com\/it\/informativa-privacy\/\",\"name\":\"Informativa Privacy - MADEIN - Exciting Interiors\",\"isPartOf\":{\"@id\":\"https:\/\/weare-madein.com\/#website\"},\"primaryImageOfPage\":{\"@id\":\"https:\/\/weare-madein.com\/it\/informativa-privacy\/#primaryimage\"},\"image\":{\"@id\":\"https:\/\/weare-madein.com\/it\/informativa-privacy\/#primaryimage\"},\"thumbnailUrl\":\"https:\/\/weare-madein.com\/wp-content\/uploads\/2024\/10\/slide-back-03.jpg\",\"datePublished\":\"2024-10-10T16:37:39+00:00\",\"dateModified\":\"2025-04-15T16:55:42+00:00\",\"breadcrumb\":{\"@id\":\"https:\/\/weare-madein.com\/it\/informativa-privacy\/#breadcrumb\"},\"inLanguage\":\"it-IT\",\"potentialAction\":[{\"@type\":\"ReadAction\",\"target\":[\"https:\/\/weare-madein.com\/it\/informativa-privacy\/\"]}]},{\"@type\":\"ImageObject\",\"inLanguage\":\"it-IT\",\"@id\":\"https:\/\/weare-madein.com\/it\/informativa-privacy\/#primaryimage\",\"url\":\"https:\/\/weare-madein.com\/wp-content\/uploads\/2024\/10\/slide-back-03.jpg\",\"contentUrl\":\"https:\/\/weare-madein.com\/wp-content\/uploads\/2024\/10\/slide-back-03.jpg\",\"width\":1920,\"height\":1280},{\"@type\":\"BreadcrumbList\",\"@id\":\"https:\/\/weare-madein.com\/it\/informativa-privacy\/#breadcrumb\",\"itemListElement\":[{\"@type\":\"ListItem\",\"position\":1,\"name\":\"Home\",\"item\":\"https:\/\/weare-madein.com\/it\/\"},{\"@type\":\"ListItem\",\"position\":2,\"name\":\"Informativa Privacy\"}]},{\"@type\":\"WebSite\",\"@id\":\"https:\/\/weare-madein.com\/#website\",\"url\":\"https:\/\/weare-madein.com\/\",\"name\":\"MADEIN - Exciting Interiors\",\"description\":\"\",\"publisher\":{\"@id\":\"https:\/\/weare-madein.com\/#organization\"},\"potentialAction\":[{\"@type\":\"SearchAction\",\"target\":{\"@type\":\"EntryPoint\",\"urlTemplate\":\"https:\/\/weare-madein.com\/?s={search_term_string}\"},\"query-input\":{\"@type\":\"PropertyValueSpecification\",\"valueRequired\":true,\"valueName\":\"search_term_string\"}}],\"inLanguage\":\"it-IT\"},{\"@type\":\"Organization\",\"@id\":\"https:\/\/weare-madein.com\/#organization\",\"name\":\"MADEIN - Exciting Interiors\",\"url\":\"https:\/\/weare-madein.com\/\",\"logo\":{\"@type\":\"ImageObject\",\"inLanguage\":\"it-IT\",\"@id\":\"https:\/\/weare-madein.com\/#\/schema\/logo\/image\/\",\"url\":\"https:\/\/weare-madein.com\/wp-content\/uploads\/2024\/10\/made-in-logo-black.svg\",\"contentUrl\":\"https:\/\/weare-madein.com\/wp-content\/uploads\/2024\/10\/made-in-logo-black.svg\",\"width\":100,\"height\":28,\"caption\":\"MADEIN - Exciting Interiors\"},\"image\":{\"@id\":\"https:\/\/weare-madein.com\/#\/schema\/logo\/image\/\"}}]}<\/script>\n<!-- \/ Yoast SEO plugin. -->","yoast_head_json":{"title":"Informativa Privacy - MADEIN - Exciting Interiors","robots":{"index":"index","follow":"follow","max-snippet":"max-snippet:-1","max-image-preview":"max-image-preview:large","max-video-preview":"max-video-preview:-1"},"canonical":"https:\/\/weare-madein.com\/it\/informativa-privacy\/","og_locale":"it_IT","og_type":"article","og_title":"Informativa Privacy - MADEIN - Exciting Interiors","og_description":"Privacy Policy Decreto Legislativo n. 196\/2003 e Articoli 13 e 14 del Regolamento UE n. 679\/2016\u201cRegolamento Generale sulla Protezione dei Dati\u201d \u2013 GDPR Questa pagina contiene tutte le informazioni relative al trattamento dei dati personali di coloro che visitano questo sito web, in conformit\u00e0 all\u2019art. 13 del Regolamento Generale sulla Protezione dei Dati \u2013 di [&hellip;]","og_url":"https:\/\/weare-madein.com\/it\/informativa-privacy\/","og_site_name":"MADEIN - Exciting Interiors","article_modified_time":"2025-04-15T16:55:42+00:00","og_image":[{"width":1920,"height":1280,"url":"https:\/\/weare-madein.com\/wp-content\/uploads\/2024\/10\/slide-back-03.jpg","type":"image\/jpeg"}],"twitter_card":"summary_large_image","twitter_misc":{"Tempo di lettura stimato":"6 minuti"},"schema":{"@context":"https:\/\/schema.org","@graph":[{"@type":"WebPage","@id":"https:\/\/weare-madein.com\/it\/informativa-privacy\/","url":"https:\/\/weare-madein.com\/it\/informativa-privacy\/","name":"Informativa Privacy - MADEIN - Exciting Interiors","isPartOf":{"@id":"https:\/\/weare-madein.com\/#website"},"primaryImageOfPage":{"@id":"https:\/\/weare-madein.com\/it\/informativa-privacy\/#primaryimage"},"image":{"@id":"https:\/\/weare-madein.com\/it\/informativa-privacy\/#primaryimage"},"thumbnailUrl":"https:\/\/weare-madein.com\/wp-content\/uploads\/2024\/10\/slide-back-03.jpg","datePublished":"2024-10-10T16:37:39+00:00","dateModified":"2025-04-15T16:55:42+00:00","breadcrumb":{"@id":"https:\/\/weare-madein.com\/it\/informativa-privacy\/#breadcrumb"},"inLanguage":"it-IT","potentialAction":[{"@type":"ReadAction","target":["https:\/\/weare-madein.com\/it\/informativa-privacy\/"]}]},{"@type":"ImageObject","inLanguage":"it-IT","@id":"https:\/\/weare-madein.com\/it\/informativa-privacy\/#primaryimage","url":"https:\/\/weare-madein.com\/wp-content\/uploads\/2024\/10\/slide-back-03.jpg","contentUrl":"https:\/\/weare-madein.com\/wp-content\/uploads\/2024\/10\/slide-back-03.jpg","width":1920,"height":1280},{"@type":"BreadcrumbList","@id":"https:\/\/weare-madein.com\/it\/informativa-privacy\/#breadcrumb","itemListElement":[{"@type":"ListItem","position":1,"name":"Home","item":"https:\/\/weare-madein.com\/it\/"},{"@type":"ListItem","position":2,"name":"Informativa Privacy"}]},{"@type":"WebSite","@id":"https:\/\/weare-madein.com\/#website","url":"https:\/\/weare-madein.com\/","name":"MADEIN - Exciting Interiors","description":"","publisher":{"@id":"https:\/\/weare-madein.com\/#organization"},"potentialAction":[{"@type":"SearchAction","target":{"@type":"EntryPoint","urlTemplate":"https:\/\/weare-madein.com\/?s={search_term_string}"},"query-input":{"@type":"PropertyValueSpecification","valueRequired":true,"valueName":"search_term_string"}}],"inLanguage":"it-IT"},{"@type":"Organization","@id":"https:\/\/weare-madein.com\/#organization","name":"MADEIN - Exciting Interiors","url":"https:\/\/weare-madein.com\/","logo":{"@type":"ImageObject","inLanguage":"it-IT","@id":"https:\/\/weare-madein.com\/#\/schema\/logo\/image\/","url":"https:\/\/weare-madein.com\/wp-content\/uploads\/2024\/10\/made-in-logo-black.svg","contentUrl":"https:\/\/weare-madein.com\/wp-content\/uploads\/2024\/10\/made-in-logo-black.svg","width":100,"height":28,"caption":"MADEIN - Exciting Interiors"},"image":{"@id":"https:\/\/weare-madein.com\/#\/schema\/logo\/image\/"}}]}},"_links":{"self":[{"href":"https:\/\/weare-madein.com\/it\/wp-json\/wp\/v2\/pages\/1078","targetHints":{"allow":["GET"]}}],"collection":[{"href":"https:\/\/weare-madein.com\/it\/wp-json\/wp\/v2\/pages"}],"about":[{"href":"https:\/\/weare-madein.com\/it\/wp-json\/wp\/v2\/types\/page"}],"author":[{"embeddable":true,"href":"https:\/\/weare-madein.com\/it\/wp-json\/wp\/v2\/users\/1"}],"replies":[{"embeddable":true,"href":"https:\/\/weare-madein.com\/it\/wp-json\/wp\/v2\/comments?post=1078"}],"version-history":[{"count":4,"href":"https:\/\/weare-madein.com\/it\/wp-json\/wp\/v2\/pages\/1078\/revisions"}],"predecessor-version":[{"id":1088,"href":"https:\/\/weare-madein.com\/it\/wp-json\/wp\/v2\/pages\/1078\/revisions\/1088"}],"wp:featuredmedia":[{"embeddable":true,"href":"https:\/\/weare-madein.com\/it\/wp-json\/wp\/v2\/media\/970"}],"wp:attachment":[{"href":"https:\/\/weare-madein.com\/it\/wp-json\/wp\/v2\/media?parent=1078"}],"curies":[{"name":"wp","href":"https:\/\/api.w.org\/{rel}","templated":true}]}}